{"id":123,"date":"2025-06-09T10:08:50","date_gmt":"2025-06-09T08:08:50","guid":{"rendered":"https:\/\/caroline223.usermd.net\/?page_id=123"},"modified":"2025-12-16T09:22:45","modified_gmt":"2025-12-16T09:22:45","slug":"bridex-schlauchschellen","status":"publish","type":"page","link":"https:\/\/www.bridex.ch\/?page_id=123","title":{"rendered":"BRIDEX Schlauchschellen"},"content":{"rendered":"\n<p class=\"has-figtree-font-family\">Bandmaterial: DIN 1.4301, Banddicke 0.4 &#8211; 0.8 mm, Bolzen: Messing vernickelt, Schrauben: wahlweise verzinkt oder V2A\/V4A<\/p>\n\n\n\n<div style=\"height:30px\" aria-hidden=\"true\" class=\"wp-block-spacer\"><\/div>\n\n\n\n<div class=\"wp-block-media-text is-stacked-on-mobile\"><figure class=\"wp-block-media-text__media\"><a href=\"https:\/\/www.bridex.ch\/wp-content\/uploads\/2025\/06\/bS7S7S.jpg\"><img loading=\"lazy\" decoding=\"async\" width=\"835\" height=\"556\" src=\"https:\/\/www.bridex.ch\/wp-content\/uploads\/2025\/06\/bS7S7S.jpg\" alt=\"Schlauchschellen\" class=\"wp-image-91 size-full\" srcset=\"https:\/\/www.bridex.ch\/wp-content\/uploads\/2025\/06\/bS7S7S.jpg 835w, https:\/\/www.bridex.ch\/wp-content\/uploads\/2025\/06\/bS7S7S-300x200.jpg 300w, https:\/\/www.bridex.ch\/wp-content\/uploads\/2025\/06\/bS7S7S-768x511.jpg 768w\" sizes=\"auto, (max-width: 835px) 100vw, 835px\" \/><\/a><\/figure><div class=\"wp-block-media-text__content\">\n<pre class=\"wp-block-verse has-figtree-font-family has-small-font-size\" style=\"padding-top:0;padding-right:0;padding-bottom:0;padding-left:0\"><strong>Schlauchschellen mit Steg<\/strong><br><strong>ab Nenn-\u00d8 20 mm<\/strong><br><br>Bandbreite: 6, 8, 10, 13, 16 mm<br><br>Einteilig: Klemmbereich: Nenn-\u00d8<br>plus minus ca. 3.0 mm<br><br>Zweiteilig: Klemmbereich:<br>Nenn-\u00d8 plus minus ca. 6.0 mm<br><br>Anwendungen: Maschinenbau, Sanit\u00e4rbereich, Gartenbau, Landwirtschaftstechnik, Storz-Kupplungen<\/pre>\n<\/div><\/div>\n\n\n\n<div style=\"height:60px\" aria-hidden=\"true\" class=\"wp-block-spacer\"><\/div>\n\n\n\n<div class=\"wp-block-media-text has-media-on-the-right is-stacked-on-mobile\"><div class=\"wp-block-media-text__content\">\n<pre class=\"wp-block-verse has-figtree-font-family has-small-font-size\"><strong>Schlauchschellen mit Gummi<\/strong><br><br>Bandbreite: 16 mm <br><br>Einteilig: Klemmbereich: Nenn-\u00d8 plus minus ca. 3.0 mm<br><br>Anwendungen: Maschinenbau <\/pre>\n<\/div><figure class=\"wp-block-media-text__media\"><a href=\"https:\/\/www.bridex.ch\/wp-content\/uploads\/2025\/06\/nUDhdB.jpg\"><img loading=\"lazy\" decoding=\"async\" width=\"835\" height=\"556\" src=\"https:\/\/www.bridex.ch\/wp-content\/uploads\/2025\/06\/nUDhdB.jpg\" alt=\"\" class=\"wp-image-129 size-full\" srcset=\"https:\/\/www.bridex.ch\/wp-content\/uploads\/2025\/06\/nUDhdB.jpg 835w, https:\/\/www.bridex.ch\/wp-content\/uploads\/2025\/06\/nUDhdB-300x200.jpg 300w, https:\/\/www.bridex.ch\/wp-content\/uploads\/2025\/06\/nUDhdB-768x511.jpg 768w\" sizes=\"auto, (max-width: 835px) 100vw, 835px\" \/><\/a><\/figure><\/div>\n\n\n\n<div style=\"height:60px\" aria-hidden=\"true\" class=\"wp-block-spacer\"><\/div>\n\n\n\n<div class=\"wp-block-media-text is-stacked-on-mobile\"><figure class=\"wp-block-media-text__media\"><a href=\"https:\/\/www.bridex.ch\/wp-content\/uploads\/2025\/06\/OFmeCo.jpg\"><img loading=\"lazy\" decoding=\"async\" width=\"835\" height=\"556\" src=\"https:\/\/www.bridex.ch\/wp-content\/uploads\/2025\/06\/OFmeCo.jpg\" alt=\"\" class=\"wp-image-204 size-full\" srcset=\"https:\/\/www.bridex.ch\/wp-content\/uploads\/2025\/06\/OFmeCo.jpg 835w, https:\/\/www.bridex.ch\/wp-content\/uploads\/2025\/06\/OFmeCo-300x200.jpg 300w, https:\/\/www.bridex.ch\/wp-content\/uploads\/2025\/06\/OFmeCo-768x511.jpg 768w\" sizes=\"auto, (max-width: 835px) 100vw, 835px\" \/><\/a><\/figure><div class=\"wp-block-media-text__content\">\n<p class=\"has-figtree-font-family has-small-font-size\"><strong>Schlauchschellen&nbsp;mit U-Steg<\/strong><br><br>Bandbreite: 16 mm <br><br><strong>Zweiteilig nur Nenn-\u00d8 67 &#8211; 87 mm<\/strong><br>Klemmbereich: Nenn-\u00d8 plus minus ca. 6.0 mm<br><br>Anwendungen: Schlauchtechnik, Maschinenbau<\/p>\n<\/div><\/div>\n","protected":false},"excerpt":{"rendered":"<p>Bandmaterial: DIN 1.4301, Banddicke 0.4 &#8211; 0.8 mm, Bolzen: Messing vernickelt, Schrauben: wahlweise verzinkt oder V2A\/V4A Schlauchschellen mit Stegab Nenn-\u00d8 20 mmBandbreite: 6, 8, 10, 13, 16 mmEinteilig: Klemmbereich: Nenn-\u00d8plus minus ca. 3.0 mmZweiteilig: Klemmbereich:Nenn-\u00d8 plus minus ca. 6.0 mmAnwendungen: Maschinenbau, Sanit\u00e4rbereich, Gartenbau, Landwirtschaftstechnik, Storz-Kupplungen Schlauchschellen mit GummiBandbreite: 16 mm Einteilig: Klemmbereich: Nenn-\u00d8 plus minus [&hellip;]<\/p>\n","protected":false},"author":1,"featured_media":0,"parent":0,"menu_order":0,"comment_status":"closed","ping_status":"closed","template":"page-with-no-sidebar","meta":{"_themeisle_gutenberg_block_has_review":false,"footnotes":""},"class_list":["post-123","page","type-page","status-publish","hentry"],"_links":{"self":[{"href":"https:\/\/www.bridex.ch\/index.php?rest_route=\/wp\/v2\/pages\/123","targetHints":{"allow":["GET"]}}],"collection":[{"href":"https:\/\/www.bridex.ch\/index.php?rest_route=\/wp\/v2\/pages"}],"about":[{"href":"https:\/\/www.bridex.ch\/index.php?rest_route=\/wp\/v2\/types\/page"}],"author":[{"embeddable":true,"href":"https:\/\/www.bridex.ch\/index.php?rest_route=\/wp\/v2\/users\/1"}],"replies":[{"embeddable":true,"href":"https:\/\/www.bridex.ch\/index.php?rest_route=%2Fwp%2Fv2%2Fcomments&post=123"}],"version-history":[{"count":5,"href":"https:\/\/www.bridex.ch\/index.php?rest_route=\/wp\/v2\/pages\/123\/revisions"}],"predecessor-version":[{"id":487,"href":"https:\/\/www.bridex.ch\/index.php?rest_route=\/wp\/v2\/pages\/123\/revisions\/487"}],"wp:attachment":[{"href":"https:\/\/www.bridex.ch\/index.php?rest_route=%2Fwp%2Fv2%2Fmedia&parent=123"}],"curies":[{"name":"wp","href":"https:\/\/api.w.org\/{rel}","templated":true}]}}