{"id":214,"date":"2025-06-19T10:51:27","date_gmt":"2025-06-19T10:51:27","guid":{"rendered":"https:\/\/www.wp.bridex.ch\/?page_id=214"},"modified":"2025-12-16T09:26:48","modified_gmt":"2025-12-16T09:26:48","slug":"spannschellen","status":"publish","type":"page","link":"https:\/\/www.bridex.ch\/?page_id=214","title":{"rendered":"Spannschellen"},"content":{"rendered":"\n<p class=\"has-figtree-font-family\">Bandmaterial: DIN 1.4301, Banddicke 0.4 &#8211; 0.8 mm, Bolzen: Messing vernickelt, Schrauben: wahlweise verzinkt oder V2A\/V4A<\/p>\n\n\n\n<div style=\"height:30px\" aria-hidden=\"true\" class=\"wp-block-spacer\"><\/div>\n\n\n\n<div class=\"wp-block-media-text is-stacked-on-mobile\"><figure class=\"wp-block-media-text__media\"><a href=\"https:\/\/www.bridex.ch\/wp-content\/uploads\/2025\/06\/11.jpg\"><img loading=\"lazy\" decoding=\"async\" width=\"835\" height=\"556\" src=\"https:\/\/www.bridex.ch\/wp-content\/uploads\/2025\/06\/11.jpg\" alt=\"\" class=\"wp-image-215 size-full\" srcset=\"https:\/\/www.bridex.ch\/wp-content\/uploads\/2025\/06\/11.jpg 835w, https:\/\/www.bridex.ch\/wp-content\/uploads\/2025\/06\/11-300x200.jpg 300w, https:\/\/www.bridex.ch\/wp-content\/uploads\/2025\/06\/11-768x511.jpg 768w\" sizes=\"auto, (max-width: 835px) 100vw, 835px\" \/><\/a><\/figure><div class=\"wp-block-media-text__content\">\n<p class=\"has-figtree-font-family has-small-font-size\"><strong>Spannschellen ohne Steg<\/strong><br><br>Bandbreite: 6, 8, 10, 13, 16 mm<br><br>normal (3 Schweisspunkte)<br>Klemmbereich: Nenn-\u00d8 plus minus ca. 3.0 mm<br><br>extra stark (4 Schweisspunkte)<br>Klemmbereich: Nenn-\u00d8 plus minus ca. 3.0 mm<br><br>Anwendungen: f\u00fcr feste Materialien im Maschinenbau und Sanit\u00e4rbereich.<\/p>\n<\/div><\/div>\n\n\n\n<div style=\"height:60px\" aria-hidden=\"true\" class=\"wp-block-spacer\"><\/div>\n\n\n\n<div class=\"wp-block-media-text has-media-on-the-right is-stacked-on-mobile\"><div class=\"wp-block-media-text__content\">\n<p class=\"has-figtree-font-family has-small-font-size\"><strong>Spannschellen mit Schnellverschluss<\/strong><br><br>Bandbreite: 16, 22 mm<br><br>Anwendungen: zum schnellen Schliessen und \u00d6ffnen ohne Werkzeug<\/p>\n<\/div><figure class=\"wp-block-media-text__media\"><a href=\"https:\/\/www.bridex.ch\/wp-content\/uploads\/2025\/06\/12.jpg\"><img loading=\"lazy\" decoding=\"async\" width=\"835\" height=\"556\" src=\"https:\/\/www.bridex.ch\/wp-content\/uploads\/2025\/06\/12.jpg\" alt=\"\" class=\"wp-image-216 size-full\" srcset=\"https:\/\/www.bridex.ch\/wp-content\/uploads\/2025\/06\/12.jpg 835w, https:\/\/www.bridex.ch\/wp-content\/uploads\/2025\/06\/12-300x200.jpg 300w, https:\/\/www.bridex.ch\/wp-content\/uploads\/2025\/06\/12-768x511.jpg 768w\" sizes=\"auto, (max-width: 835px) 100vw, 835px\" \/><\/a><\/figure><\/div>\n","protected":false},"excerpt":{"rendered":"<p>Bandmaterial: DIN 1.4301, Banddicke 0.4 &#8211; 0.8 mm, Bolzen: Messing vernickelt, Schrauben: wahlweise verzinkt oder V2A\/V4A Spannschellen ohne Steg Bandbreite: 6, 8, 10, 13, 16 mm normal (3 Schweisspunkte)Klemmbereich: Nenn-\u00d8 plus minus ca. 3.0 mm extra stark (4 Schweisspunkte)Klemmbereich: Nenn-\u00d8 plus minus ca. 3.0 mm Anwendungen: f\u00fcr feste Materialien im Maschinenbau und Sanit\u00e4rbereich. Spannschellen mit [&hellip;]<\/p>\n","protected":false},"author":1,"featured_media":0,"parent":0,"menu_order":0,"comment_status":"closed","ping_status":"closed","template":"","meta":{"_themeisle_gutenberg_block_has_review":false,"footnotes":""},"class_list":["post-214","page","type-page","status-publish","hentry"],"_links":{"self":[{"href":"https:\/\/www.bridex.ch\/index.php?rest_route=\/wp\/v2\/pages\/214","targetHints":{"allow":["GET"]}}],"collection":[{"href":"https:\/\/www.bridex.ch\/index.php?rest_route=\/wp\/v2\/pages"}],"about":[{"href":"https:\/\/www.bridex.ch\/index.php?rest_route=\/wp\/v2\/types\/page"}],"author":[{"embeddable":true,"href":"https:\/\/www.bridex.ch\/index.php?rest_route=\/wp\/v2\/users\/1"}],"replies":[{"embeddable":true,"href":"https:\/\/www.bridex.ch\/index.php?rest_route=%2Fwp%2Fv2%2Fcomments&post=214"}],"version-history":[{"count":5,"href":"https:\/\/www.bridex.ch\/index.php?rest_route=\/wp\/v2\/pages\/214\/revisions"}],"predecessor-version":[{"id":489,"href":"https:\/\/www.bridex.ch\/index.php?rest_route=\/wp\/v2\/pages\/214\/revisions\/489"}],"wp:attachment":[{"href":"https:\/\/www.bridex.ch\/index.php?rest_route=%2Fwp%2Fv2%2Fmedia&parent=214"}],"curies":[{"name":"wp","href":"https:\/\/api.w.org\/{rel}","templated":true}]}}