{"id":219,"date":"2025-06-19T10:55:14","date_gmt":"2025-06-19T10:55:14","guid":{"rendered":"https:\/\/www.wp.bridex.ch\/?page_id=219"},"modified":"2025-12-16T09:29:51","modified_gmt":"2025-12-16T09:29:51","slug":"spannbaender-fuer-schnittbandkerne","status":"publish","type":"page","link":"https:\/\/www.bridex.ch\/?page_id=219","title":{"rendered":"Spannb\u00e4nder f\u00fcr Schnittbandkerne"},"content":{"rendered":"\n<p class=\"has-figtree-font-family\">Bandmaterial: DIN 1.4301, Banddicke 0.4 &#8211; 0.8 mm, Bolzen: Messing vernickelt, Schrauben: V2A\/V4A<\/p>\n\n\n\n<div style=\"height:30px\" aria-hidden=\"true\" class=\"wp-block-spacer\"><\/div>\n\n\n\n<div class=\"wp-block-media-text is-stacked-on-mobile\"><figure class=\"wp-block-media-text__media\"><a href=\"https:\/\/www.bridex.ch\/wp-content\/uploads\/2025\/06\/21.jpg\"><img loading=\"lazy\" decoding=\"async\" width=\"835\" height=\"556\" src=\"https:\/\/www.bridex.ch\/wp-content\/uploads\/2025\/06\/21.jpg\" alt=\"\" class=\"wp-image-220 size-full\" srcset=\"https:\/\/www.bridex.ch\/wp-content\/uploads\/2025\/06\/21.jpg 835w, https:\/\/www.bridex.ch\/wp-content\/uploads\/2025\/06\/21-300x200.jpg 300w, https:\/\/www.bridex.ch\/wp-content\/uploads\/2025\/06\/21-768x511.jpg 768w\" sizes=\"auto, (max-width: 835px) 100vw, 835px\" \/><\/a><\/figure><div class=\"wp-block-media-text__content\">\n<p class=\"has-figtree-font-family has-small-font-size\"><strong>Spannb\u00e4nder<\/strong><br><br>Bandbreite: 6,8,10 mm<br><br>normaler Abbug<\/p>\n<\/div><\/div>\n\n\n\n<div style=\"height:60px\" aria-hidden=\"true\" class=\"wp-block-spacer\"><\/div>\n\n\n\n<div class=\"wp-block-media-text has-media-on-the-right is-stacked-on-mobile\"><div class=\"wp-block-media-text__content\">\n<p class=\"has-figtree-font-family has-small-font-size\"><strong>Spannb\u00e4nder<\/strong><br><br>Bandbreite; 13, 16 mm<br><br>normaler oder schr\u00e4ger Abbug<\/p>\n<\/div><figure class=\"wp-block-media-text__media\"><a href=\"https:\/\/www.bridex.ch\/wp-content\/uploads\/2025\/06\/22.jpg\"><img loading=\"lazy\" decoding=\"async\" width=\"835\" height=\"556\" src=\"https:\/\/www.bridex.ch\/wp-content\/uploads\/2025\/06\/22.jpg\" alt=\"\" class=\"wp-image-221 size-full\" srcset=\"https:\/\/www.bridex.ch\/wp-content\/uploads\/2025\/06\/22.jpg 835w, https:\/\/www.bridex.ch\/wp-content\/uploads\/2025\/06\/22-300x200.jpg 300w, https:\/\/www.bridex.ch\/wp-content\/uploads\/2025\/06\/22-768x511.jpg 768w\" sizes=\"auto, (max-width: 835px) 100vw, 835px\" \/><\/a><\/figure><\/div>\n","protected":false},"excerpt":{"rendered":"<p>Bandmaterial: DIN 1.4301, Banddicke 0.4 &#8211; 0.8 mm, Bolzen: Messing vernickelt, Schrauben: V2A\/V4A Spannb\u00e4nder Bandbreite: 6,8,10 mm normaler Abbug Spannb\u00e4nder Bandbreite; 13, 16 mm normaler oder schr\u00e4ger Abbug<\/p>\n","protected":false},"author":1,"featured_media":0,"parent":0,"menu_order":0,"comment_status":"closed","ping_status":"closed","template":"","meta":{"_themeisle_gutenberg_block_has_review":false,"footnotes":""},"class_list":["post-219","page","type-page","status-publish","hentry"],"_links":{"self":[{"href":"https:\/\/www.bridex.ch\/index.php?rest_route=\/wp\/v2\/pages\/219","targetHints":{"allow":["GET"]}}],"collection":[{"href":"https:\/\/www.bridex.ch\/index.php?rest_route=\/wp\/v2\/pages"}],"about":[{"href":"https:\/\/www.bridex.ch\/index.php?rest_route=\/wp\/v2\/types\/page"}],"author":[{"embeddable":true,"href":"https:\/\/www.bridex.ch\/index.php?rest_route=\/wp\/v2\/users\/1"}],"replies":[{"embeddable":true,"href":"https:\/\/www.bridex.ch\/index.php?rest_route=%2Fwp%2Fv2%2Fcomments&post=219"}],"version-history":[{"count":5,"href":"https:\/\/www.bridex.ch\/index.php?rest_route=\/wp\/v2\/pages\/219\/revisions"}],"predecessor-version":[{"id":490,"href":"https:\/\/www.bridex.ch\/index.php?rest_route=\/wp\/v2\/pages\/219\/revisions\/490"}],"wp:attachment":[{"href":"https:\/\/www.bridex.ch\/index.php?rest_route=%2Fwp%2Fv2%2Fmedia&parent=219"}],"curies":[{"name":"wp","href":"https:\/\/api.w.org\/{rel}","templated":true}]}}