{"id":224,"date":"2025-06-19T11:40:05","date_gmt":"2025-06-19T11:40:05","guid":{"rendered":"https:\/\/www.wp.bridex.ch\/?page_id=224"},"modified":"2025-12-16T09:30:26","modified_gmt":"2025-12-16T09:30:26","slug":"verschluesse","status":"publish","type":"page","link":"https:\/\/www.bridex.ch\/?page_id=224","title":{"rendered":"Verschl\u00fcsse"},"content":{"rendered":"\n<p class=\"has-figtree-font-family\">Bandmaterial: DIN 1.4301, Banddicke 0.8 mm, Bolzen: Messing vernickelt<\/p>\n\n\n\n<div style=\"height:30px\" aria-hidden=\"true\" class=\"wp-block-spacer\"><\/div>\n\n\n\n<div class=\"wp-block-media-text is-stacked-on-mobile\"><figure class=\"wp-block-media-text__media\"><a href=\"https:\/\/www.bridex.ch\/wp-content\/uploads\/2025\/06\/31.jpg\"><img loading=\"lazy\" decoding=\"async\" width=\"835\" height=\"556\" src=\"https:\/\/www.bridex.ch\/wp-content\/uploads\/2025\/06\/31.jpg\" alt=\"\" class=\"wp-image-225 size-full\" srcset=\"https:\/\/www.bridex.ch\/wp-content\/uploads\/2025\/06\/31.jpg 835w, https:\/\/www.bridex.ch\/wp-content\/uploads\/2025\/06\/31-300x200.jpg 300w, https:\/\/www.bridex.ch\/wp-content\/uploads\/2025\/06\/31-768x511.jpg 768w\" sizes=\"auto, (max-width: 835px) 100vw, 835px\" \/><\/a><\/figure><div class=\"wp-block-media-text__content\">\n<p class=\"has-figtree-font-family has-small-font-size\"><strong>Verschl\u00fcsse<\/strong><br><br>normaler Abbug<br><br>Bandbreite: 16 mm<br><br>zum Aufpunkten<\/p>\n<\/div><\/div>\n\n\n\n<div style=\"height:60px\" aria-hidden=\"true\" class=\"wp-block-spacer\"><\/div>\n\n\n\n<div class=\"wp-block-media-text has-media-on-the-right is-stacked-on-mobile\"><div class=\"wp-block-media-text__content\">\n<p class=\"has-figtree-font-family has-small-font-size\"><strong>Verschl\u00fcsse<\/strong><br><br>schr\u00e4ger Abbug<br><br>Bandbreite: 13, 16, 22 mm<br><br>zum Aufpunkten<\/p>\n<\/div><figure class=\"wp-block-media-text__media\"><a href=\"https:\/\/www.bridex.ch\/wp-content\/uploads\/2025\/06\/32.jpg\"><img loading=\"lazy\" decoding=\"async\" width=\"835\" height=\"556\" src=\"https:\/\/www.bridex.ch\/wp-content\/uploads\/2025\/06\/32.jpg\" alt=\"\" class=\"wp-image-226 size-full\" srcset=\"https:\/\/www.bridex.ch\/wp-content\/uploads\/2025\/06\/32.jpg 835w, https:\/\/www.bridex.ch\/wp-content\/uploads\/2025\/06\/32-300x200.jpg 300w, https:\/\/www.bridex.ch\/wp-content\/uploads\/2025\/06\/32-768x511.jpg 768w\" sizes=\"auto, (max-width: 835px) 100vw, 835px\" \/><\/a><\/figure><\/div>\n","protected":false},"excerpt":{"rendered":"<p>Bandmaterial: DIN 1.4301, Banddicke 0.8 mm, Bolzen: Messing vernickelt Verschl\u00fcsse normaler Abbug Bandbreite: 16 mm zum Aufpunkten Verschl\u00fcsse schr\u00e4ger Abbug Bandbreite: 13, 16, 22 mm zum Aufpunkten<\/p>\n","protected":false},"author":1,"featured_media":0,"parent":0,"menu_order":0,"comment_status":"closed","ping_status":"closed","template":"","meta":{"_themeisle_gutenberg_block_has_review":false,"footnotes":""},"class_list":["post-224","page","type-page","status-publish","hentry"],"_links":{"self":[{"href":"https:\/\/www.bridex.ch\/index.php?rest_route=\/wp\/v2\/pages\/224","targetHints":{"allow":["GET"]}}],"collection":[{"href":"https:\/\/www.bridex.ch\/index.php?rest_route=\/wp\/v2\/pages"}],"about":[{"href":"https:\/\/www.bridex.ch\/index.php?rest_route=\/wp\/v2\/types\/page"}],"author":[{"embeddable":true,"href":"https:\/\/www.bridex.ch\/index.php?rest_route=\/wp\/v2\/users\/1"}],"replies":[{"embeddable":true,"href":"https:\/\/www.bridex.ch\/index.php?rest_route=%2Fwp%2Fv2%2Fcomments&post=224"}],"version-history":[{"count":5,"href":"https:\/\/www.bridex.ch\/index.php?rest_route=\/wp\/v2\/pages\/224\/revisions"}],"predecessor-version":[{"id":491,"href":"https:\/\/www.bridex.ch\/index.php?rest_route=\/wp\/v2\/pages\/224\/revisions\/491"}],"wp:attachment":[{"href":"https:\/\/www.bridex.ch\/index.php?rest_route=%2Fwp%2Fv2%2Fmedia&parent=224"}],"curies":[{"name":"wp","href":"https:\/\/api.w.org\/{rel}","templated":true}]}}