{"id":235,"date":"2025-06-19T13:39:19","date_gmt":"2025-06-19T13:39:19","guid":{"rendered":"https:\/\/www.wp.bridex.ch\/?page_id=235"},"modified":"2025-12-16T09:32:06","modified_gmt":"2025-12-16T09:32:06","slug":"standard","status":"publish","type":"page","link":"https:\/\/www.bridex.ch\/?page_id=235","title":{"rendered":"Standard"},"content":{"rendered":"\n<div class=\"wp-block-columns is-layout-flex wp-container-core-columns-is-layout-28f84493 wp-block-columns-is-layout-flex\">\n<div class=\"wp-block-column is-layout-flow wp-block-column-is-layout-flow\">\n<figure class=\"wp-block-image size-full custom-height-img\"><a href=\"https:\/\/www.bridex.ch\/wp-content\/uploads\/2025\/06\/51-1.jpg\"><img loading=\"lazy\" decoding=\"async\" width=\"354\" height=\"531\" src=\"https:\/\/www.bridex.ch\/wp-content\/uploads\/2025\/06\/51-1.jpg\" alt=\"\" class=\"wp-image-237\" srcset=\"https:\/\/www.bridex.ch\/wp-content\/uploads\/2025\/06\/51-1.jpg 354w, https:\/\/www.bridex.ch\/wp-content\/uploads\/2025\/06\/51-1-200x300.jpg 200w\" sizes=\"auto, (max-width: 354px) 100vw, 354px\" \/><\/a><\/figure>\n<\/div>\n\n\n\n<div class=\"wp-block-column is-vertically-aligned-center is-layout-flow wp-container-core-column-is-layout-a77db08e wp-block-column-is-layout-flow\">\n<p class=\"has-text-align-left has-figtree-font-family has-small-font-size\"><strong>Typ K<\/strong><br><br>Nenn-\u00d8 12, 14, 17, 19, 25<br><br>ab Lager<br><br>\u00fcbrige auf Bestellung<\/p>\n<\/div>\n\n\n\n<div class=\"wp-block-column is-vertically-aligned-center is-layout-flow wp-block-column-is-layout-flow\">\n<p class=\"has-figtree-font-family has-small-font-size\"><strong>Kurze Schraube mit Schraubendreherschlitz<\/strong><br><br>Gewindel\u00e4nge: 13 mm<br><br>Klemmbereich: Nenn-\u00d8<br>minus 3.0 mm<br><br>verwendete Materialien: 1.0330<br>(Oberfl\u00e4che nach Bearbeitung galvanisch verzinkt)<br><br>2.0321, 2.0401, 2.0371, 1.4310<\/p>\n<\/div>\n<\/div>\n\n\n\n<div style=\"height:60px\" aria-hidden=\"true\" class=\"wp-block-spacer\"><\/div>\n\n\n\n<div class=\"wp-block-columns is-layout-flex wp-container-core-columns-is-layout-28f84493 wp-block-columns-is-layout-flex\">\n<div class=\"wp-block-column is-vertically-aligned-center is-layout-flow wp-block-column-is-layout-flow\">\n<p class=\"has-figtree-font-family has-small-font-size\"><strong>Normale Schraube mit Schraubendreherschlitz<\/strong><br><br>Gewindel\u00e4nge: 20 mm<br><br>Klemmbereich: Nenn-\u00d8 minus 4.0 mm<br><br>verwendete Materialien: 1.0330<br>(Oberfl\u00e4che nach Bearbeitung galvanisch verzinkt)<br><br>2.0321, 2.0401, 2.0371, 1.4310<\/p>\n<\/div>\n\n\n\n<div class=\"wp-block-column is-vertically-aligned-center is-layout-flow wp-block-column-is-layout-flow\">\n<p class=\"has-figtree-font-family has-small-font-size\"><strong>Typ N<\/strong><br><br>Nenn-\u00d8 10, 12, 14, 17, 19, 21, 23, 25, 27<br><br>ab Lager<br><br>\u00fcbrige auf Bestellung<\/p>\n<\/div>\n\n\n\n<div class=\"wp-block-column mobile-first is-layout-flow wp-block-column-is-layout-flow\">\n<figure class=\"wp-block-image size-full custom-height-img\"><a href=\"https:\/\/www.bridex.ch\/wp-content\/uploads\/2025\/06\/52.jpg\"><img loading=\"lazy\" decoding=\"async\" width=\"354\" height=\"531\" src=\"https:\/\/www.bridex.ch\/wp-content\/uploads\/2025\/06\/52.jpg\" alt=\"\" class=\"wp-image-238\" srcset=\"https:\/\/www.bridex.ch\/wp-content\/uploads\/2025\/06\/52.jpg 354w, https:\/\/www.bridex.ch\/wp-content\/uploads\/2025\/06\/52-200x300.jpg 200w\" sizes=\"auto, (max-width: 354px) 100vw, 354px\" \/><\/a><\/figure>\n<\/div>\n<\/div>\n\n\n\n<div style=\"height:60px\" aria-hidden=\"true\" class=\"wp-block-spacer\"><\/div>\n\n\n\n<div class=\"wp-block-columns is-layout-flex wp-container-core-columns-is-layout-28f84493 wp-block-columns-is-layout-flex\">\n<div class=\"wp-block-column is-layout-flow wp-block-column-is-layout-flow\">\n<figure class=\"wp-block-image size-full custom-height-img\"><a href=\"https:\/\/www.bridex.ch\/wp-content\/uploads\/2025\/06\/53.jpg\"><img loading=\"lazy\" decoding=\"async\" width=\"354\" height=\"531\" src=\"https:\/\/www.bridex.ch\/wp-content\/uploads\/2025\/06\/53.jpg\" alt=\"\" class=\"wp-image-239\" srcset=\"https:\/\/www.bridex.ch\/wp-content\/uploads\/2025\/06\/53.jpg 354w, https:\/\/www.bridex.ch\/wp-content\/uploads\/2025\/06\/53-200x300.jpg 200w\" sizes=\"auto, (max-width: 354px) 100vw, 354px\" \/><\/a><\/figure>\n<\/div>\n\n\n\n<div class=\"wp-block-column is-vertically-aligned-center is-layout-flow wp-block-column-is-layout-flow\">\n<p class=\"has-figtree-font-family has-small-font-size\"><strong>Typ NH<\/strong><br><br>Nenn-\u00d8 12, 14, 17, 19, 21, 23, 25, 29<br><br>ab Lager<br><br>\u00fcbrige auf Bestellung<\/p>\n<\/div>\n\n\n\n<div class=\"wp-block-column is-vertically-aligned-center is-layout-flow wp-block-column-is-layout-flow\">\n<p class=\"has-figtree-font-family has-small-font-size\"><strong>Normale Schraube mit Handkappe<\/strong><br><br>Gewindel\u00e4nge: 20 mm<br><br>Klemmbereich: Nenn-\u00d8 minus 4.0 mm<br><br>verwendete Materialien: 1.0330<br>(Oberfl\u00e4che nach Bearbeitung galvanisch verzinkt)<br><br>2.0321, 2.0401, 2.0371, 1.4310<\/p>\n<\/div>\n<\/div>\n\n\n\n<div style=\"height:60px\" aria-hidden=\"true\" class=\"wp-block-spacer\"><\/div>\n\n\n\n<div class=\"wp-block-columns is-layout-flex wp-container-core-columns-is-layout-28f84493 wp-block-columns-is-layout-flex\">\n<div class=\"wp-block-column is-vertically-aligned-center is-layout-flow wp-block-column-is-layout-flow\">\n<p class=\"has-figtree-font-family has-small-font-size\"><strong>Lange Schraube mit Handkappe<\/strong><br><br>Gewindel\u00e4nge: 25 mm<br><br>Klemmbereich: Nenn-\u00d8 minus 6.0 mm<br><br>verwendete Materialien: 1.0330<br>(Oberfl\u00e4che nach Bearbeitung galvanisch verzinkt)<br><br>2.0321, 2.0401, 2.0371, 1.4310<\/p>\n<\/div>\n\n\n\n<div class=\"wp-block-column is-vertically-aligned-center is-layout-flow wp-block-column-is-layout-flow\">\n<p class=\"has-figtree-font-family has-small-font-size\"><strong>Typ LH<\/strong><br><br>Nenn-\u00d8 19<br><br>ab Lager<br><br>\u00fcbrige auf Bestellung<\/p>\n<\/div>\n\n\n\n<div class=\"wp-block-column mobile-first is-layout-flow wp-block-column-is-layout-flow\">\n<figure class=\"wp-block-image size-full custom-height-img\"><a href=\"https:\/\/www.bridex.ch\/wp-content\/uploads\/2025\/06\/54.jpg\"><img loading=\"lazy\" decoding=\"async\" width=\"354\" height=\"531\" src=\"https:\/\/www.bridex.ch\/wp-content\/uploads\/2025\/06\/54.jpg\" alt=\"\" class=\"wp-image-240\" srcset=\"https:\/\/www.bridex.ch\/wp-content\/uploads\/2025\/06\/54.jpg 354w, https:\/\/www.bridex.ch\/wp-content\/uploads\/2025\/06\/54-200x300.jpg 200w\" sizes=\"auto, (max-width: 354px) 100vw, 354px\" \/><\/a><\/figure>\n<\/div>\n<\/div>\n\n\n\n<div style=\"height:60px\" aria-hidden=\"true\" class=\"wp-block-spacer\"><\/div>\n\n\n\n<div class=\"wp-block-columns is-layout-flex wp-container-core-columns-is-layout-28f84493 wp-block-columns-is-layout-flex\">\n<div class=\"wp-block-column is-layout-flow wp-block-column-is-layout-flow\">\n<figure class=\"wp-block-image size-full custom-height-img\"><a href=\"https:\/\/www.bridex.ch\/wp-content\/uploads\/2025\/06\/55.jpg\"><img loading=\"lazy\" decoding=\"async\" width=\"354\" height=\"531\" src=\"https:\/\/www.bridex.ch\/wp-content\/uploads\/2025\/06\/55.jpg\" alt=\"\" class=\"wp-image-241\" srcset=\"https:\/\/www.bridex.ch\/wp-content\/uploads\/2025\/06\/55.jpg 354w, https:\/\/www.bridex.ch\/wp-content\/uploads\/2025\/06\/55-200x300.jpg 200w\" sizes=\"auto, (max-width: 354px) 100vw, 354px\" \/><\/a><\/figure>\n<\/div>\n\n\n\n<div class=\"wp-block-column is-vertically-aligned-center is-layout-flow wp-block-column-is-layout-flow\">\n<p class=\"has-figtree-font-family has-small-font-size\"><strong>Typ NS<\/strong><br><br>Nenn-\u00d8 14, 16, 19, 21, 25<br><br>ab Lager<br><br>\u00fcbrige auf Bestellung<\/p>\n<\/div>\n\n\n\n<div class=\"wp-block-column is-vertically-aligned-center is-layout-flow wp-block-column-is-layout-flow\">\n<p class=\"has-figtree-font-family has-small-font-size\"><strong>NS Normale Schraube mit Au\u00dfensechskant<\/strong><br><br>Gewindel\u00e4nge: 20 mm<br><br>Klemmbereich: Nenn-\u00d8<br>minus 4.0 mm<br><br>verwendete Materialien: 1.0330<br>(Oberfl\u00e4che nach Bearbeitung galvanisch verzinkt)<br><br>2.0321, 2.0401, 2.0371, 1.4310<\/p>\n<\/div>\n<\/div>\n\n\n\n<div style=\"height:60px\" aria-hidden=\"true\" class=\"wp-block-spacer\"><\/div>\n\n\n\n<div class=\"wp-block-columns is-layout-flex wp-container-core-columns-is-layout-28f84493 wp-block-columns-is-layout-flex\">\n<div class=\"wp-block-column is-vertically-aligned-center is-layout-flow wp-block-column-is-layout-flow\">\n<p class=\"has-figtree-font-family has-small-font-size\"><strong>Normale Fl\u00fcgelschraube<\/strong><br><br>Gewindel\u00e4nge: 20 mm<br><br>Klemmbereich: Nenn-\u00d8<br>minus 4.0 mm<br><br>verwendete Materialien: 1.0330<br>(Oberfl\u00e4che nach Bearbeitung galvanisch verzinkt)<br><br>2.0321, 2.0401, 2.0371, 1.4310<\/p>\n<\/div>\n\n\n\n<div class=\"wp-block-column is-vertically-aligned-center is-layout-flow wp-block-column-is-layout-flow\">\n<p class=\"has-figtree-font-family has-small-font-size\"><strong>Typ NF<\/strong><br><br>Nenn-\u00d8 10, 12, 14<br><br>ab Lager<br><br>\u00fcbrige auf Bestellung<\/p>\n<\/div>\n\n\n\n<div class=\"wp-block-column mobile-first is-layout-flow wp-block-column-is-layout-flow\">\n<figure class=\"wp-block-image size-full custom-height-img\"><a href=\"https:\/\/www.bridex.ch\/wp-content\/uploads\/2025\/06\/56.jpg\"><img loading=\"lazy\" decoding=\"async\" width=\"354\" height=\"531\" src=\"https:\/\/www.bridex.ch\/wp-content\/uploads\/2025\/06\/56.jpg\" alt=\"\" class=\"wp-image-242\" srcset=\"https:\/\/www.bridex.ch\/wp-content\/uploads\/2025\/06\/56.jpg 354w, https:\/\/www.bridex.ch\/wp-content\/uploads\/2025\/06\/56-200x300.jpg 200w\" sizes=\"auto, (max-width: 354px) 100vw, 354px\" \/><\/a><\/figure>\n<\/div>\n<\/div>\n","protected":false},"excerpt":{"rendered":"<p>Typ K Nenn-\u00d8 12, 14, 17, 19, 25 ab Lager \u00fcbrige auf Bestellung Kurze Schraube mit Schraubendreherschlitz Gewindel\u00e4nge: 13 mm Klemmbereich: Nenn-\u00d8minus 3.0 mm verwendete Materialien: 1.0330(Oberfl\u00e4che nach Bearbeitung galvanisch verzinkt) 2.0321, 2.0401, 2.0371, 1.4310 Normale Schraube mit Schraubendreherschlitz Gewindel\u00e4nge: 20 mm Klemmbereich: Nenn-\u00d8 minus 4.0 mm verwendete Materialien: 1.0330(Oberfl\u00e4che nach Bearbeitung galvanisch verzinkt) 2.0321, [&hellip;]<\/p>\n","protected":false},"author":1,"featured_media":0,"parent":0,"menu_order":0,"comment_status":"closed","ping_status":"closed","template":"","meta":{"_themeisle_gutenberg_block_has_review":false,"footnotes":""},"class_list":["post-235","page","type-page","status-publish","hentry"],"_links":{"self":[{"href":"https:\/\/www.bridex.ch\/index.php?rest_route=\/wp\/v2\/pages\/235","targetHints":{"allow":["GET"]}}],"collection":[{"href":"https:\/\/www.bridex.ch\/index.php?rest_route=\/wp\/v2\/pages"}],"about":[{"href":"https:\/\/www.bridex.ch\/index.php?rest_route=\/wp\/v2\/types\/page"}],"author":[{"embeddable":true,"href":"https:\/\/www.bridex.ch\/index.php?rest_route=\/wp\/v2\/users\/1"}],"replies":[{"embeddable":true,"href":"https:\/\/www.bridex.ch\/index.php?rest_route=%2Fwp%2Fv2%2Fcomments&post=235"}],"version-history":[{"count":8,"href":"https:\/\/www.bridex.ch\/index.php?rest_route=\/wp\/v2\/pages\/235\/revisions"}],"predecessor-version":[{"id":493,"href":"https:\/\/www.bridex.ch\/index.php?rest_route=\/wp\/v2\/pages\/235\/revisions\/493"}],"wp:attachment":[{"href":"https:\/\/www.bridex.ch\/index.php?rest_route=%2Fwp%2Fv2%2Fmedia&parent=235"}],"curies":[{"name":"wp","href":"https:\/\/api.w.org\/{rel}","templated":true}]}}