{"id":245,"date":"2025-06-19T13:46:25","date_gmt":"2025-06-19T13:46:25","guid":{"rendered":"https:\/\/www.wp.bridex.ch\/?page_id=245"},"modified":"2025-12-16T09:32:56","modified_gmt":"2025-12-16T09:32:56","slug":"edelstahl","status":"publish","type":"page","link":"https:\/\/www.bridex.ch\/?page_id=245","title":{"rendered":"Edelstahl"},"content":{"rendered":"\n<div class=\"wp-block-columns has-figtree-font-family is-layout-flex wp-container-core-columns-is-layout-28f84493 wp-block-columns-is-layout-flex\">\n<div class=\"wp-block-column is-layout-flow wp-block-column-is-layout-flow\">\n<figure class=\"wp-block-image size-full custom-height-img\"><a href=\"https:\/\/www.bridex.ch\/wp-content\/uploads\/2025\/06\/61.jpg\"><img loading=\"lazy\" decoding=\"async\" width=\"354\" height=\"531\" src=\"https:\/\/www.bridex.ch\/wp-content\/uploads\/2025\/06\/61.jpg\" alt=\"\" class=\"wp-image-246\" srcset=\"https:\/\/www.bridex.ch\/wp-content\/uploads\/2025\/06\/61.jpg 354w, https:\/\/www.bridex.ch\/wp-content\/uploads\/2025\/06\/61-200x300.jpg 200w\" sizes=\"auto, (max-width: 354px) 100vw, 354px\" \/><\/a><\/figure>\n<\/div>\n\n\n\n<div class=\"wp-block-column is-vertically-aligned-center is-layout-flow wp-block-column-is-layout-flow\">\n<p class=\"has-small-font-size\"><strong>Typ K<\/strong><br><br>Nenn-\u00d8 10<br><br>ab Lager<br><br>\u00fcbrige auf Bestellung<\/p>\n<\/div>\n\n\n\n<div class=\"wp-block-column is-vertically-aligned-center is-layout-flow wp-block-column-is-layout-flow\">\n<p class=\"has-figtree-font-family has-small-font-size\"><strong>Kurze Schraube mit Schraubendreherschlitz<\/strong><br><br>Gewindel\u00e4nge: 13 mm<br><br>Klemmbereich: Nenn-\u00d8<br>minus 3.0 mm<br><br>verwendete Materialien: 1.4310, 1.4567, 1.4305<\/p>\n<\/div>\n<\/div>\n\n\n\n<div style=\"height:100px\" aria-hidden=\"true\" class=\"wp-block-spacer\"><\/div>\n\n\n\n<div class=\"wp-block-columns is-layout-flex wp-container-core-columns-is-layout-28f84493 wp-block-columns-is-layout-flex\">\n<div class=\"wp-block-column is-vertically-aligned-center is-layout-flow wp-block-column-is-layout-flow\">\n<p class=\"has-figtree-font-family has-small-font-size\"><strong>Normale Schraube mit Schraubendreherschlitz<\/strong><br><br>Gewindel\u00e4nge: 20 mm<br><br>Klemmbereich: Nenn-\u00d8<br>minus 4.5 mm<br><br>verwendete Materialien: 1.4310, 1.4567, 1.4305<\/p>\n<\/div>\n\n\n\n<div class=\"wp-block-column is-vertically-aligned-center is-layout-flow wp-block-column-is-layout-flow\">\n<p class=\"has-figtree-font-family has-small-font-size\"><strong>Typ N<\/strong><br><br>Nenn-\u00d8 10, 12, 14, 17, 19<br><br>ab Lager<br><br>\u00fcbrige auf Bestellung<\/p>\n<\/div>\n\n\n\n<div class=\"wp-block-column mobile-first is-layout-flow wp-block-column-is-layout-flow\">\n<figure class=\"wp-block-image size-full custom-height-img\"><a href=\"https:\/\/www.bridex.ch\/wp-content\/uploads\/2025\/06\/62.jpg\"><img loading=\"lazy\" decoding=\"async\" width=\"354\" height=\"531\" src=\"https:\/\/www.bridex.ch\/wp-content\/uploads\/2025\/06\/62.jpg\" alt=\"\" class=\"wp-image-247\" srcset=\"https:\/\/www.bridex.ch\/wp-content\/uploads\/2025\/06\/62.jpg 354w, https:\/\/www.bridex.ch\/wp-content\/uploads\/2025\/06\/62-200x300.jpg 200w\" sizes=\"auto, (max-width: 354px) 100vw, 354px\" \/><\/a><\/figure>\n<\/div>\n<\/div>\n\n\n\n<div style=\"height:100px\" aria-hidden=\"true\" class=\"wp-block-spacer\"><\/div>\n\n\n\n<div class=\"wp-block-columns is-layout-flex wp-container-core-columns-is-layout-28f84493 wp-block-columns-is-layout-flex\">\n<div class=\"wp-block-column is-layout-flow wp-block-column-is-layout-flow\">\n<figure class=\"wp-block-image size-full custom-height-img\"><a href=\"https:\/\/www.bridex.ch\/wp-content\/uploads\/2025\/06\/63.jpg\"><img loading=\"lazy\" decoding=\"async\" width=\"354\" height=\"531\" src=\"https:\/\/www.bridex.ch\/wp-content\/uploads\/2025\/06\/63.jpg\" alt=\"\" class=\"wp-image-248\" srcset=\"https:\/\/www.bridex.ch\/wp-content\/uploads\/2025\/06\/63.jpg 354w, https:\/\/www.bridex.ch\/wp-content\/uploads\/2025\/06\/63-200x300.jpg 200w\" sizes=\"auto, (max-width: 354px) 100vw, 354px\" \/><\/a><\/figure>\n<\/div>\n\n\n\n<div class=\"wp-block-column is-vertically-aligned-center is-layout-flow wp-block-column-is-layout-flow\">\n<p class=\"has-figtree-font-family has-small-font-size\"><strong>Typ NH<\/strong><br><br>Nenn-\u00d8 10, 12, 14, 17, 19, 21, 35<br><br>ab Lager<br><br>\u00fcbrige auf Bestellung<\/p>\n<\/div>\n\n\n\n<div class=\"wp-block-column is-vertically-aligned-center is-layout-flow wp-block-column-is-layout-flow\">\n<p class=\"has-figtree-font-family has-small-font-size\"><strong>Normale Schraube mit Handkappe<\/strong><br><br>Gewindel\u00e4nge: 20 mm<br><br>Klemmbereich: Nenn-\u00d8<br>minus 4.5 mm<br><br>verwendete Materialien: 1.4310, 1.4567, 1.4305<\/p>\n<\/div>\n<\/div>\n\n\n\n<div style=\"height:100px\" aria-hidden=\"true\" class=\"wp-block-spacer\"><\/div>\n\n\n\n<div class=\"wp-block-columns is-layout-flex wp-container-core-columns-is-layout-28f84493 wp-block-columns-is-layout-flex\">\n<div class=\"wp-block-column is-vertically-aligned-center is-layout-flow wp-block-column-is-layout-flow\">\n<p class=\"has-figtree-font-family has-small-font-size\"><strong>Normale Schraube mit Au\u00dfensechskant<\/strong><br><br>Gewindel\u00e4nge: 20 mm<br><br>Klemmbereich: Nenn-\u00d8<br>minus 4.5 mm<br><br>verwendete Materialien: 1.4310, 1.4567, 1.4305<\/p>\n<\/div>\n\n\n\n<div class=\"wp-block-column is-vertically-aligned-center is-layout-flow wp-block-column-is-layout-flow\">\n<p class=\"has-figtree-font-family has-small-font-size\"><strong>Typ NS<\/strong><br><br>Nenn-\u00d8 25<br><br>ab Lager<br><br>\u00fcbrige auf Bestellung<\/p>\n<\/div>\n\n\n\n<div class=\"wp-block-column mobile-first is-layout-flow wp-block-column-is-layout-flow\">\n<figure class=\"wp-block-image size-full custom-height-img\"><a href=\"https:\/\/www.bridex.ch\/wp-content\/uploads\/2025\/06\/64.jpg\"><img loading=\"lazy\" decoding=\"async\" width=\"354\" height=\"531\" src=\"https:\/\/www.bridex.ch\/wp-content\/uploads\/2025\/06\/64.jpg\" alt=\"\" class=\"wp-image-249\" srcset=\"https:\/\/www.bridex.ch\/wp-content\/uploads\/2025\/06\/64.jpg 354w, https:\/\/www.bridex.ch\/wp-content\/uploads\/2025\/06\/64-200x300.jpg 200w\" sizes=\"auto, (max-width: 354px) 100vw, 354px\" \/><\/a><\/figure>\n<\/div>\n<\/div>\n","protected":false},"excerpt":{"rendered":"<p>Typ K Nenn-\u00d8 10 ab Lager \u00fcbrige auf Bestellung Kurze Schraube mit Schraubendreherschlitz Gewindel\u00e4nge: 13 mm Klemmbereich: Nenn-\u00d8minus 3.0 mm verwendete Materialien: 1.4310, 1.4567, 1.4305 Normale Schraube mit Schraubendreherschlitz Gewindel\u00e4nge: 20 mm Klemmbereich: Nenn-\u00d8minus 4.5 mm verwendete Materialien: 1.4310, 1.4567, 1.4305 Typ N Nenn-\u00d8 10, 12, 14, 17, 19 ab Lager \u00fcbrige auf Bestellung Typ [&hellip;]<\/p>\n","protected":false},"author":1,"featured_media":0,"parent":0,"menu_order":0,"comment_status":"closed","ping_status":"closed","template":"","meta":{"_themeisle_gutenberg_block_has_review":false,"footnotes":""},"class_list":["post-245","page","type-page","status-publish","hentry"],"_links":{"self":[{"href":"https:\/\/www.bridex.ch\/index.php?rest_route=\/wp\/v2\/pages\/245","targetHints":{"allow":["GET"]}}],"collection":[{"href":"https:\/\/www.bridex.ch\/index.php?rest_route=\/wp\/v2\/pages"}],"about":[{"href":"https:\/\/www.bridex.ch\/index.php?rest_route=\/wp\/v2\/types\/page"}],"author":[{"embeddable":true,"href":"https:\/\/www.bridex.ch\/index.php?rest_route=\/wp\/v2\/users\/1"}],"replies":[{"embeddable":true,"href":"https:\/\/www.bridex.ch\/index.php?rest_route=%2Fwp%2Fv2%2Fcomments&post=245"}],"version-history":[{"count":6,"href":"https:\/\/www.bridex.ch\/index.php?rest_route=\/wp\/v2\/pages\/245\/revisions"}],"predecessor-version":[{"id":494,"href":"https:\/\/www.bridex.ch\/index.php?rest_route=\/wp\/v2\/pages\/245\/revisions\/494"}],"wp:attachment":[{"href":"https:\/\/www.bridex.ch\/index.php?rest_route=%2Fwp%2Fv2%2Fmedia&parent=245"}],"curies":[{"name":"wp","href":"https:\/\/api.w.org\/{rel}","templated":true}]}}