{"id":253,"date":"2025-06-19T13:53:48","date_gmt":"2025-06-19T13:53:48","guid":{"rendered":"https:\/\/www.wp.bridex.ch\/?page_id=253"},"modified":"2025-12-16T08:55:14","modified_gmt":"2025-12-16T08:55:14","slug":"trocknungsgeraete-typ-mistral-40","status":"publish","type":"page","link":"https:\/\/www.bridex.ch\/?page_id=253","title":{"rendered":"Trocknungsger\u00e4te Typ Mistral 40"},"content":{"rendered":"\n<div style=\"height:54px\" aria-hidden=\"true\" class=\"wp-block-spacer\"><\/div>\n\n\n\n<div class=\"wp-block-group custom-gerate-block is-nowrap is-layout-flex wp-container-core-group-is-layout-6c531013 wp-block-group-is-layout-flex\">\n<figure class=\"wp-block-image size-full is-resized\"><a href=\"https:\/\/www.bridex.ch\/wp-content\/uploads\/2025\/06\/DxvTs6.png\"><img loading=\"lazy\" decoding=\"async\" width=\"160\" height=\"221\" src=\"https:\/\/www.bridex.ch\/wp-content\/uploads\/2025\/06\/DxvTs6.png\" alt=\"Trocknungsger\u00e4te\" class=\"wp-image-60\" style=\"width:230px;height:auto\"\/><\/a><\/figure>\n\n\n\n<p class=\"custom-gerate-text has-figtree-font-family has-normal-font-size\" style=\"margin-top:var(--wp--preset--spacing--30);margin-right:var(--wp--preset--spacing--30);margin-bottom:var(--wp--preset--spacing--30);margin-left:var(--wp--preset--spacing--30)\">Wir vermieten Profi Trocknungsger\u00e4te (Luftentfeuchter) vom Typ Mistral 40.<br>Zum Austrocknen von \u00fcberfluteten Kellerr\u00e4umen oder sonstigen Wassersch\u00e4den (nasse W\u00e4nde in R\u00e4umen etc.).<br>Zum schnelleren Austrocknen k\u00f6nnen mehrere Ger\u00e4te eingesetzt werden.<\/p>\n<\/div>\n\n\n\n<div style=\"height:100px\" aria-hidden=\"true\" class=\"wp-block-spacer\"><\/div>\n\n\n\n<p class=\"has-text-color has-link-color has-figtree-font-family wp-elements-2c750794b65b6ac1f7c2a9743e9dd039\" style=\"color:#343b49\"><a href=\"https:\/\/www.bridex.ch\/wp-content\/uploads\/2025\/12\/Mistral-40-tech-dat-3.pdf\" data-type=\"link\" data-id=\"https:\/\/www.bridex.ch\/wp-content\/uploads\/2025\/12\/Mistral-40-tech-dat-3.pdf\" target=\"_blank\" rel=\"noreferrer noopener\">Technische Daten<\/a><\/p>\n\n\n\n<p class=\"has-figtree-font-family\"><strong>Regional liefern und installieren wir die Ger\u00e4te f\u00fcr Sie.<\/strong><br>\u00dcberregional m\u00fcssen die Ger\u00e4te bei uns in Bonstetten abgeholt werden.<\/p>\n\n\n\n<p class=\"has-figtree-font-family\"><strong>Preise exkl. Lieferung und Installation:<\/strong><\/p>\n\n\n\n<figure class=\"wp-block-table has-figtree-font-family has-small-font-size\"><table class=\"has-fixed-layout\"><tbody><tr><td>pro Ger\u00e4t<\/td><td>1 &#8211; 15 . Tag<\/td><td>16. &#8211; 30. Tag<\/td><td>1 Monat<\/td><td>ab 2. Monat<\/td><td>2 Monate<\/td><td>ab 3. Monat<\/td><td>3 Monate<\/td><\/tr><tr><td><\/td><td>pro Tag<\/td><td>pro Tag<\/td><td>Total<\/td><td>pro Tag<\/td><td>Total<\/td><td>pro Tag<\/td><td>Total<\/td><\/tr><tr><td>Mistral 40<\/td><td>27.00<\/td><td>21.00<\/td><td>720.00<\/td><td>16.00<\/td><td>1\u2019200.00<\/td><td>12.00<\/td><td>1\u2019560.00<\/td><\/tr><\/tbody><\/table><\/figure>\n","protected":false},"excerpt":{"rendered":"<p>Wir vermieten Profi Trocknungsger\u00e4te (Luftentfeuchter) vom Typ Mistral 40.Zum Austrocknen von \u00fcberfluteten Kellerr\u00e4umen oder sonstigen Wassersch\u00e4den (nasse W\u00e4nde in R\u00e4umen etc.).Zum schnelleren Austrocknen k\u00f6nnen mehrere Ger\u00e4te eingesetzt werden. Technische Daten Regional liefern und installieren wir die Ger\u00e4te f\u00fcr Sie.\u00dcberregional m\u00fcssen die Ger\u00e4te bei uns in Bonstetten abgeholt werden. Preise exkl. Lieferung und Installation: pro Ger\u00e4t [&hellip;]<\/p>\n","protected":false},"author":1,"featured_media":0,"parent":0,"menu_order":0,"comment_status":"closed","ping_status":"closed","template":"","meta":{"_themeisle_gutenberg_block_has_review":false,"footnotes":""},"class_list":["post-253","page","type-page","status-publish","hentry"],"_links":{"self":[{"href":"https:\/\/www.bridex.ch\/index.php?rest_route=\/wp\/v2\/pages\/253","targetHints":{"allow":["GET"]}}],"collection":[{"href":"https:\/\/www.bridex.ch\/index.php?rest_route=\/wp\/v2\/pages"}],"about":[{"href":"https:\/\/www.bridex.ch\/index.php?rest_route=\/wp\/v2\/types\/page"}],"author":[{"embeddable":true,"href":"https:\/\/www.bridex.ch\/index.php?rest_route=\/wp\/v2\/users\/1"}],"replies":[{"embeddable":true,"href":"https:\/\/www.bridex.ch\/index.php?rest_route=%2Fwp%2Fv2%2Fcomments&post=253"}],"version-history":[{"count":23,"href":"https:\/\/www.bridex.ch\/index.php?rest_route=\/wp\/v2\/pages\/253\/revisions"}],"predecessor-version":[{"id":483,"href":"https:\/\/www.bridex.ch\/index.php?rest_route=\/wp\/v2\/pages\/253\/revisions\/483"}],"wp:attachment":[{"href":"https:\/\/www.bridex.ch\/index.php?rest_route=%2Fwp%2Fv2%2Fmedia&parent=253"}],"curies":[{"name":"wp","href":"https:\/\/api.w.org\/{rel}","templated":true}]}}